{"id":4697,"date":"2014-12-01T20:33:22","date_gmt":"2014-12-01T20:33:22","guid":{"rendered":"https:\/\/www.drlawyer.com\/deutsch\/?page_id=4697"},"modified":"2025-05-23T21:51:50","modified_gmt":"2025-05-23T21:51:50","slug":"gemeinschaftsinitiative-guzman-ariza-der-gemeinschaft-guzman-ariza","status":"publish","type":"page","link":"https:\/\/www.drlawyer.com\/deutsch\/gemeinschaftsinitiative-guzman-ariza-der-gemeinschaft-guzman-ariza\/","title":{"rendered":"SOZIALE VERANTWORTUNG"},"content":{"rendered":"<p style=\"text-align: justify;\"><img loading=\"lazy\" class=\"size-full wp-image-6645 aligncenter\" src=\"https:\/\/www.drlawyer.com\/deutsch\/wp-content\/uploads\/2014\/12\/DreamProject.jpeg\" alt=\"DreamProject\" width=\"960\" height=\"338\" srcset=\"https:\/\/www.drlawyer.com\/deutsch\/wp-content\/uploads\/2014\/12\/DreamProject.jpeg 960w, https:\/\/www.drlawyer.com\/deutsch\/wp-content\/uploads\/2014\/12\/DreamProject-300x106.jpeg 300w, https:\/\/www.drlawyer.com\/deutsch\/wp-content\/uploads\/2014\/12\/DreamProject-768x270.jpeg 768w, https:\/\/www.drlawyer.com\/deutsch\/wp-content\/uploads\/2014\/12\/DreamProject-705x248.jpeg 705w, https:\/\/www.drlawyer.com\/deutsch\/wp-content\/uploads\/2014\/12\/DreamProject-450x158.jpeg 450w\" sizes=\"(max-width: 960px) 100vw, 960px\" \/><\/p>\n<div>\n<p class=\"p3\">Guzm\u00e1n Ariza hat stets ein starkes Engagement f\u00fcr die Gemeinschaften gezeigt, zu denen es geh\u00f6rt. Das Unternehmen arbeitet aktiv mit verschiedenen gemeinn\u00fctzigen Stiftungen und Organisationen zusammen, um die Lebensqualit\u00e4t, Bildung, Gesundheit und Umweltvertr\u00e4glichkeit in diesen Gemeinschaften zu verbessern.<\/p>\n<p><strong>GEMEINSCHAFTSENTWICKLUNG<\/strong><\/p>\n<p class=\"p3\"><strong>Dominikanische Rehabilitationsvereinigung<\/strong><br \/>\n<a href=\"http:\/\/www.rehabilitacion.org.do\" target=\"_blank\" rel=\"noopener\">www.rehabilitacion.org.do<\/a><\/p>\n<p class=\"p3\">Die Dominikanische Rehabilitationsvereinigung bietet umfassende Rehabilitationsdienste f\u00fcr Menschen mit k\u00f6rperlichen oder geistigen Behinderungen, unabh\u00e4ngig von ihrer sozio\u00f6konomischen Lage. Ihre Dienstleistungen zeichnen sich durch ethische Standards, Qualit\u00e4t und Innovation aus und werden von spezialisiertem Personal in einer einladenden Umgebung angeboten.<\/p>\n<p class=\"p3\">Unser Partner Julio Brea Guzm\u00e1n ist Pr\u00e4sident der Vereinigung in Sos\u00faa.<\/p>\n<p class=\"p3\"><strong>Mahatma Gandhi Stiftung<\/strong><br \/>\n<a href=\"https:\/\/www.facebook.com\/profile.php?id=100064596853248#\" target=\"_blank\" rel=\"noopener\">www.facebook.com\/profile.php?id=100064596853248#<\/a><\/p>\n<p class=\"p3\">Die Mahatma Gandhi Stiftung ist eine herausragende gemeinn\u00fctzige Organisation, die sich f\u00fcr die F\u00f6rderung von Gewaltlosigkeit, F\u00fchrung und Gemeinschaftsentwicklung durch Bildungsinitiativen und kollaborative Projekte einsetzt. Ihre Mission ist es, eine Generation von ethischen, multikulturellen und engagierten B\u00fcrgern zu f\u00f6rdern.<\/p>\n<p class=\"p3\">Unser B\u00fcro in Las Terrenas unterst\u00fctzt die Organisation mit Spenden und arbeitet an den Aktivit\u00e4ten, die sie organisiert.<\/p>\n<p class=\"p3\"><strong>Sonrisas Saman\u00e1 \/ Saman\u00e1 Smiles Stiftung<\/strong><br \/>\n<a href=\"http:\/\/www.samanasmiles.org\" target=\"_blank\" rel=\"noopener\">www.samanasmiles.org<\/a><\/p>\n<p class=\"p3\">Die Sonrisas Saman\u00e1 Stiftung widmet sich der Bereitstellung von dringend ben\u00f6tigter medizinischer Versorgung f\u00fcr Jugendliche auf der Halbinsel Saman\u00e1 mit begrenzten Ressourcen. Sie koordinieren rechtzeitige Unterst\u00fctzung durch ein Netzwerk von Gesundheitsdienstleistern, Sponsoren und Freiwilligen.<\/p>\n<p class=\"p3\">Unsere B\u00fcros in Saman\u00e1 tragen mit Spenden zur Entwicklung der Aktivit\u00e4ten dieser Stiftung bei.<\/p>\n<p class=\"p3\"><strong>Patronato Ben\u00e9fico Oriental (PBO)<\/strong><br \/>\n<a href=\"http:\/\/www.pbo.org.do\" target=\"_blank\" rel=\"noopener\">www.pbo.org.do<\/a><\/p>\n<p class=\"p3\">Das Patronato Ben\u00e9fico Oriental (PBO) ist eine renommierte gemeinn\u00fctzige Organisation, die sich auf Bildung, Gesundheit und das Wohlergehen von Kindern und Jugendlichen in der \u00f6stlichen Region der Dominikanischen Republik (La Romana und Punta Cana) konzentriert. Ihre Programme umfassen Ern\u00e4hrung, medizinische und zahnmedizinische Betreuung, psychologische Unterst\u00fctzung und au\u00dferschulische Aktivit\u00e4ten.<\/p>\n<p class=\"p3\">Unser B\u00fcro in B\u00e1varo tr\u00e4gt mit finanzieller und logistischer Unterst\u00fctzung zur St\u00e4rkung ihres Einflusses in der Gemeinschaft bei.<\/p>\n<p class=\"p3\"><strong>Mariposa DR Foundation<\/strong><br \/>\n<a href=\"http:\/\/www.mariposadrfoundation.org\" target=\"_blank\" rel=\"noopener\">www.mariposadrfoundation.org<\/a><\/p>\n<p class=\"p3\">Die Mariposa DR Foundation ist eine angesehene gemeinn\u00fctzige Organisation mit Sitz in Cabarete, Dominikanische Republik, die sich auf die Bek\u00e4mpfung der Generationenarmut durch Bildung und Empowerment von M\u00e4dchen konzentriert. Sie bieten akademische Nachhilfe, Schulungen in Arbeits- und Lebenskompetenzen sowie Gesundheits- und Wellnessbetreuung.<\/p>\n<p class=\"p3\">Die Anw\u00e4ltin Milagros de la Cruz, Mitglied unserer Kanzlei, ist im Vorstand der Stiftung t\u00e4tig.<\/p>\n<p><strong>BILDUNG UND KULTUR<\/strong><\/p>\n<p class=\"p3\"><strong>Guzm\u00e1n Ariza Stiftung Pro-Akademie der Sprache<\/strong><br \/>\n<a href=\"https:\/\/academia.org.do\/patrocinio\/\" target=\"_blank\" rel=\"noopener\">www.academia.org.do\/patrocinio\/<\/a><\/p>\n<p class=\"p3\">Die Guzm\u00e1n Ariza Stiftung Pro-Akademie der Sprache wurde 2009 von Fabio J. Guzm\u00e1n Ariza gegr\u00fcndet, um die Aktivit\u00e4ten der Akademie der Dominikanischen Sprache zu sponsern und sich f\u00fcr den richtigen Gebrauch der spanischen Sprache im rechtlichen Bereich und in den Medien der Dominikanischen Republik einzusetzen.<\/p>\n<p class=\"p3\">Im Jahr 2013 finanzierte die Stiftung die Ver\u00f6ffentlichung des ersten umfassenden W\u00f6rterbuchs des dominikanischen Spanisch (Diccionario del espa\u00f1ol dominicano), und 2016 das erste W\u00f6rterbuch dominikanischer Redewendungen (Diccionario fraseol\u00f3gico del espa\u00f1ol dominicano). Die Stiftung hat auch mit dem Obersten Gerichtshof der Dominikanischen Republik und dem Verfassungsgericht zusammengearbeitet, um bessere Praktiken bei der rechtlichen Formulierung zu f\u00f6rdern.<\/p>\n<p class=\"p3\">Im Juli 2016 er\u00f6ffnete die Stiftung das erste Kapitel in den Amerikas der Stiftung f\u00fcr Dringendes Spanisch (Fund\u00e9u Guzm\u00e1n Ariza), um den richtigen Gebrauch des Spanischen in den Medien zu f\u00f6rdern.<\/p>\n<p class=\"p3\"><strong>Guzm\u00e1n Ariza Institut f\u00fcr Lexikographie (IGALEX)<\/strong><br \/>\n<a href=\"http:\/\/www.igalex.org\" target=\"_blank\" rel=\"noopener\">www.igalex.org<\/a><\/p>\n<p class=\"p3\">Das Guzm\u00e1n Ariza Institut f\u00fcr Lexikographie (IGALEX) ist eine gemeinn\u00fctzige Institution, die sich mit der lexikographischen Forschung der spanischen Sprache in ihren dominikanischen, karibischen, amerikanischen und allgemeinen Varianten befasst. Ihr Ziel ist es, lexikografische Werke zu entwerfen und zu erstellen, die die sprachliche Realit\u00e4t des Spanischen pr\u00e4zise widerspiegeln.<\/p>\n<p class=\"p3\"><strong>The DREAM Project<\/strong><br \/>\n<a href=\"http:\/\/www.dominicandream.org\" target=\"_blank\" rel=\"noopener\">www.dominicandream.org<\/a><\/p>\n<p class=\"p3\">Das DREAM Project bietet Programme zur Alphabetisierung, fr\u00fchkindlichen Bildung, Jugendf\u00fchrung und Gemeindearbeit, um sicherzustellen, dass Kinder und Jugendliche in den teilnehmenden Gemeinschaften Zugang zu wichtigen Ressourcen haben. Ihre Mission ist es, den Teufelskreis der Armut durch Bildung und Empowerment zu durchbrechen.<\/p>\n<p class=\"p3\">Seit 2004 sponsert Guzm\u00e1n Ariza das Dream Guzm\u00e1n Ariza Sommerlager, in dem jedes Jahr Hunderte von Kindern ein Programm genie\u00dfen, das darauf abzielt, Kinder und Jugendliche im Alter von 10 bis 17 Jahren zu bilden, ihnen individuelle akademische Beratung, au\u00dferschulische Aktivit\u00e4ten und alternative Bildungsangebote zu bieten.<\/p>\n<p><strong>UMWELT<\/strong><\/p>\n<p><strong>Orchideenhaus Vivian Salad\u00edn de Guzm\u00e1n<\/strong><br \/>\n<a href=\"http:\/\/www.botanicodesantiago.com\/orquideario\" target=\"_blank\" rel=\"noopener\" data-saferedirecturl=\"https:\/\/www.google.com\/url?q=http:\/\/www.botanicodesantiago.com\/orquideario&amp;source=gmail&amp;ust=1748008281337000&amp;usg=AOvVaw1-c2DKdHFoNcHri4eFQgyj\"><span lang=\"ES-DO\">www.botanicodesantiago.com\/<wbr \/>orquideario<\/span><\/a><u><\/u><u><\/u><\/p>\n<p><span lang=\"DE\">Das Orchideenhaus Vivian Salad\u00edn de Guzm\u00e1n ist eine Initiative, die von Guzm\u00e1n Ariza in Zusammenarbeit mit dem Botanischen Garten von Santiago gef\u00f6rdert wird. Dieser neue Bereich bereichert das \u00f6kologische und p\u00e4dagogische Angebot des Gartens, leistet einen konkreten Beitrag zum Erhalt einheimischer und exotischer Arten und f\u00f6rdert das Umweltbewusstsein bei den kommenden Generationen. Unsere Investition in dieses Orchideenhaus ist mehr als ein symbolischer Akt \u2013 sie ist ein klares Bekenntnis zur Biodiversit\u00e4t, zum nat\u00fcrlichen Erbe des Landes und zur nachhaltigen Entwicklung unserer Umwelt.<\/span><\/p>\n<p class=\"p3\"><strong>Fundaci\u00f3n Vida Azul<\/strong><br \/>\n<a href=\"http:\/\/www.vidaazul.org\" target=\"_blank\" rel=\"noopener\">www.vidaazul.org<\/a><\/p>\n<p class=\"p3\">Die Fundaci\u00f3n Vida Azul ist eine Umweltbewegung, die die Gemeinschaften dazu ermutigt, Initiativen zum Schutz der K\u00fcsten- und Meeres\u00f6kosysteme zu f\u00fchren. Sie organisieren Strandreinigungen, Bildungsaktivit\u00e4ten und setzen sich f\u00fcr bedeutende Umweltver\u00e4nderungen ein.<\/p>\n<p class=\"p3\">Guzm\u00e1n Ariza nimmt aktiv an ihren Strandreinigungsaktionen teil.<\/p>\n<p><strong>KINDERSCHUTZ<\/strong><\/p>\n<p class=\"p3\"><strong>Fundaci\u00f3n Casa Ni\u00f1os Felices<\/strong><br \/>\n<a href=\"http:\/\/www.instagram.com\/fundacioncasaninosfelices\" target=\"_blank\" rel=\"noopener\">www.instagram.com\/fundacioncasaninosfelices<\/a><\/p>\n<p class=\"p3\">Die Fundaci\u00f3n Casa Ni\u00f1os Felices ist eine gemeinn\u00fctzige Organisation, die Waisen in Sos\u00faa, Dominikanische Republik, ein Zuhause und Bildung bietet. Ihre Mission ist es, den Kindern eine bessere Zukunft durch finanzielle Unterst\u00fctzung und Lebenssicherheit zu bieten.<\/p>\n<p class=\"p3\">Unser B\u00fcro in Sos\u00faa unterst\u00fctzt mit Spenden und nimmt an ihren Fundraising-Aktivit\u00e4ten teil.<\/p>\n<p class=\"p3\"><strong>Fundaci\u00f3n Ni\u00f1os de la Luz<\/strong><br \/>\n<a href=\"http:\/\/www.ninosdelaluz.org\" target=\"_blank\" rel=\"noopener\">www.ninosdelaluz.org<\/a><\/p>\n<p class=\"p3\">Die Fundaci\u00f3n Ni\u00f1os de la Luz setzt sich daf\u00fcr ein, Stra\u00dfenkinder in der Dominikanischen Republik zu retten und zu rehabilitieren. Sie bieten Unterkunft, Bildung und emotionale Unterst\u00fctzung, um die Wiedereingliederung dieser Kinder in die Gesellschaft zu erleichtern.<\/p>\n<p class=\"p3\">Unser B\u00fcro in Sos\u00faa arbeitet mit Spenden und Freiwilligen zusammen, um die soziale Wiedereingliederung der Kinder zu unterst\u00fctzen.<\/p>\n<p class=\"p3\"><strong>Voluntariado Jes\u00fas con los Ni\u00f1os<\/strong><br \/>\n<a href=\"http:\/\/www.vjcn.org\" target=\"_blank\" rel=\"noopener\">www.vjcn.org<\/a><\/p>\n<p class=\"p3\">Das Voluntariado Jes\u00fas con los Ni\u00f1os ist eine Freiwilligenorganisation, die Kinder im Krankenhaus in der Dominikanischen Republik unterst\u00fctzt. Sie bieten emotionale und spirituelle Unterst\u00fctzung, um die Krankenhausaufenthalte der Kinder zu verbessern.<\/p>\n<p class=\"p3\">Guzm\u00e1n Ariza beteiligt sich durch Spenden, um die Freiwilligen bei der Durchf\u00fchrung ihrer Mission zu unterst\u00fctzen.<\/p>\n<p><strong>SPORT<\/strong><\/p>\n<p class=\"p3\"><strong>Dominikanische Boxf\u00f6deration (FEDOBOXA)<\/strong><br \/>\n<a href=\"http:\/\/www.fedoboxa.org\" target=\"_blank\" rel=\"noopener\">www.fedoboxa.org<\/a><\/p>\n<p class=\"p3\">Die Dominikanische Boxf\u00f6deration (FEDOBOXA) ist die leitende Institution f\u00fcr den Boxsport in der Dominikanischen Republik. Sie organisieren nationale und internationale Boxveranstaltungen, f\u00f6rdern den Sport und unterst\u00fctzen die Entwicklung der Athleten.<\/p>\n<p class=\"p3\">Unser Partner Rub\u00e9n Garc\u00eda Bonilla ist Pr\u00e4sident der F\u00f6deration, wo er seit Jahrzehnten selbstlos zur Ausbildung junger Boxtalente beitr\u00e4gt.<\/p>\n<\/div>\n","protected":false},"excerpt":{"rendered":"<p>Guzm\u00e1n Ariza hat stets ein starkes Engagement f\u00fcr die Gemeinschaften gezeigt, zu denen es geh\u00f6rt. Das Unternehmen arbeitet aktiv mit verschiedenen gemeinn\u00fctzigen Stiftungen und Organisationen&hellip;<\/p>\n","protected":false},"author":2,"featured_media":0,"parent":0,"menu_order":0,"comment_status":"closed","ping_status":"closed","template":"","meta":[],"yoast_head":"<!-- This site is optimized with the Yoast SEO plugin v17.0 - https:\/\/yoast.com\/wordpress\/plugins\/seo\/ -->\n<title>Guzm\u00e1n Ariza | The Dominican Republic law firm<\/title>\n<meta name=\"robots\" content=\"noindex, follow\" \/>\n<meta property=\"og:locale\" content=\"en_US\" \/>\n<meta property=\"og:type\" content=\"article\" \/>\n<meta property=\"og:title\" content=\"Guzm\u00e1n Ariza | The Dominican Republic law firm\" \/>\n<meta property=\"og:description\" content=\"Guzm\u00e1n Ariza hat stets ein starkes Engagement f\u00fcr die Gemeinschaften gezeigt, zu denen es geh\u00f6rt. Das Unternehmen arbeitet aktiv mit verschiedenen gemeinn\u00fctzigen Stiftungen und Organisationen&hellip;\" \/>\n<meta property=\"og:url\" content=\"https:\/\/www.drlawyer.com\/deutsch\/gemeinschaftsinitiative-guzman-ariza-der-gemeinschaft-guzman-ariza\/\" \/>\n<meta property=\"og:site_name\" content=\"Guzm\u00e1n Ariza | The Dominican Republic law firm\" \/>\n<meta property=\"article:modified_time\" content=\"2025-05-23T21:51:50+00:00\" \/>\n<meta property=\"og:image\" content=\"https:\/\/www.drlawyer.com\/deutsch\/wp-content\/uploads\/2014\/12\/DreamProject.jpeg\" \/>\n<meta name=\"twitter:label1\" content=\"Est. reading time\" \/>\n\t<meta name=\"twitter:data1\" content=\"6 minutes\" \/>\n<script type=\"application\/ld+json\" class=\"yoast-schema-graph\">{\"@context\":\"https:\/\/schema.org\",\"@graph\":[{\"@type\":\"WebSite\",\"@id\":\"https:\/\/www.drlawyer.com\/deutsch\/#website\",\"url\":\"https:\/\/www.drlawyer.com\/deutsch\/\",\"name\":\"Guzm\\u00e1n Ariza | The Dominican Republic law firm\",\"description\":\"\",\"potentialAction\":[{\"@type\":\"SearchAction\",\"target\":{\"@type\":\"EntryPoint\",\"urlTemplate\":\"https:\/\/www.drlawyer.com\/deutsch\/?s={search_term_string}\"},\"query-input\":\"required name=search_term_string\"}],\"inLanguage\":\"en-US\"},{\"@type\":\"ImageObject\",\"@id\":\"https:\/\/www.drlawyer.com\/deutsch\/gemeinschaftsinitiative-guzman-ariza-der-gemeinschaft-guzman-ariza\/#primaryimage\",\"inLanguage\":\"en-US\",\"url\":\"https:\/\/www.drlawyer.com\/deutsch\/wp-content\/uploads\/2014\/12\/DreamProject.jpeg\",\"contentUrl\":\"https:\/\/www.drlawyer.com\/deutsch\/wp-content\/uploads\/2014\/12\/DreamProject.jpeg\",\"width\":960,\"height\":338},{\"@type\":\"WebPage\",\"@id\":\"https:\/\/www.drlawyer.com\/deutsch\/gemeinschaftsinitiative-guzman-ariza-der-gemeinschaft-guzman-ariza\/#webpage\",\"url\":\"https:\/\/www.drlawyer.com\/deutsch\/gemeinschaftsinitiative-guzman-ariza-der-gemeinschaft-guzman-ariza\/\",\"name\":\"Guzm\\u00e1n Ariza | The Dominican Republic law firm\",\"isPartOf\":{\"@id\":\"https:\/\/www.drlawyer.com\/deutsch\/#website\"},\"primaryImageOfPage\":{\"@id\":\"https:\/\/www.drlawyer.com\/deutsch\/gemeinschaftsinitiative-guzman-ariza-der-gemeinschaft-guzman-ariza\/#primaryimage\"},\"datePublished\":\"2014-12-01T20:33:22+00:00\",\"dateModified\":\"2025-05-23T21:51:50+00:00\",\"breadcrumb\":{\"@id\":\"https:\/\/www.drlawyer.com\/deutsch\/gemeinschaftsinitiative-guzman-ariza-der-gemeinschaft-guzman-ariza\/#breadcrumb\"},\"inLanguage\":\"en-US\",\"potentialAction\":[{\"@type\":\"ReadAction\",\"target\":[\"https:\/\/www.drlawyer.com\/deutsch\/gemeinschaftsinitiative-guzman-ariza-der-gemeinschaft-guzman-ariza\/\"]}]},{\"@type\":\"BreadcrumbList\",\"@id\":\"https:\/\/www.drlawyer.com\/deutsch\/gemeinschaftsinitiative-guzman-ariza-der-gemeinschaft-guzman-ariza\/#breadcrumb\",\"itemListElement\":[{\"@type\":\"ListItem\",\"position\":1,\"name\":\"Home\",\"item\":\"https:\/\/www.drlawyer.com\/deutsch\/\"},{\"@type\":\"ListItem\",\"position\":2,\"name\":\"SOZIALE VERANTWORTUNG\"}]}]}<\/script>\n<!-- \/ Yoast SEO plugin. -->","yoast_head_json":{"title":"Guzm\u00e1n Ariza | The Dominican Republic law firm","robots":{"index":"noindex","follow":"follow"},"og_locale":"en_US","og_type":"article","og_title":"Guzm\u00e1n Ariza | The Dominican Republic law firm","og_description":"Guzm\u00e1n Ariza hat stets ein starkes Engagement f\u00fcr die Gemeinschaften gezeigt, zu denen es geh\u00f6rt. Das Unternehmen arbeitet aktiv mit verschiedenen gemeinn\u00fctzigen Stiftungen und Organisationen&hellip;","og_url":"https:\/\/www.drlawyer.com\/deutsch\/gemeinschaftsinitiative-guzman-ariza-der-gemeinschaft-guzman-ariza\/","og_site_name":"Guzm\u00e1n Ariza | The Dominican Republic law firm","article_modified_time":"2025-05-23T21:51:50+00:00","og_image":[{"url":"https:\/\/www.drlawyer.com\/deutsch\/wp-content\/uploads\/2014\/12\/DreamProject.jpeg"}],"twitter_misc":{"Est. reading time":"6 minutes"},"schema":{"@context":"https:\/\/schema.org","@graph":[{"@type":"WebSite","@id":"https:\/\/www.drlawyer.com\/deutsch\/#website","url":"https:\/\/www.drlawyer.com\/deutsch\/","name":"Guzm\u00e1n Ariza | The Dominican Republic law firm","description":"","potentialAction":[{"@type":"SearchAction","target":{"@type":"EntryPoint","urlTemplate":"https:\/\/www.drlawyer.com\/deutsch\/?s={search_term_string}"},"query-input":"required name=search_term_string"}],"inLanguage":"en-US"},{"@type":"ImageObject","@id":"https:\/\/www.drlawyer.com\/deutsch\/gemeinschaftsinitiative-guzman-ariza-der-gemeinschaft-guzman-ariza\/#primaryimage","inLanguage":"en-US","url":"https:\/\/www.drlawyer.com\/deutsch\/wp-content\/uploads\/2014\/12\/DreamProject.jpeg","contentUrl":"https:\/\/www.drlawyer.com\/deutsch\/wp-content\/uploads\/2014\/12\/DreamProject.jpeg","width":960,"height":338},{"@type":"WebPage","@id":"https:\/\/www.drlawyer.com\/deutsch\/gemeinschaftsinitiative-guzman-ariza-der-gemeinschaft-guzman-ariza\/#webpage","url":"https:\/\/www.drlawyer.com\/deutsch\/gemeinschaftsinitiative-guzman-ariza-der-gemeinschaft-guzman-ariza\/","name":"Guzm\u00e1n Ariza | The Dominican Republic law firm","isPartOf":{"@id":"https:\/\/www.drlawyer.com\/deutsch\/#website"},"primaryImageOfPage":{"@id":"https:\/\/www.drlawyer.com\/deutsch\/gemeinschaftsinitiative-guzman-ariza-der-gemeinschaft-guzman-ariza\/#primaryimage"},"datePublished":"2014-12-01T20:33:22+00:00","dateModified":"2025-05-23T21:51:50+00:00","breadcrumb":{"@id":"https:\/\/www.drlawyer.com\/deutsch\/gemeinschaftsinitiative-guzman-ariza-der-gemeinschaft-guzman-ariza\/#breadcrumb"},"inLanguage":"en-US","potentialAction":[{"@type":"ReadAction","target":["https:\/\/www.drlawyer.com\/deutsch\/gemeinschaftsinitiative-guzman-ariza-der-gemeinschaft-guzman-ariza\/"]}]},{"@type":"BreadcrumbList","@id":"https:\/\/www.drlawyer.com\/deutsch\/gemeinschaftsinitiative-guzman-ariza-der-gemeinschaft-guzman-ariza\/#breadcrumb","itemListElement":[{"@type":"ListItem","position":1,"name":"Home","item":"https:\/\/www.drlawyer.com\/deutsch\/"},{"@type":"ListItem","position":2,"name":"SOZIALE VERANTWORTUNG"}]}]}},"_links":{"self":[{"href":"https:\/\/www.drlawyer.com\/deutsch\/wp-json\/wp\/v2\/pages\/4697"}],"collection":[{"href":"https:\/\/www.drlawyer.com\/deutsch\/wp-json\/wp\/v2\/pages"}],"about":[{"href":"https:\/\/www.drlawyer.com\/deutsch\/wp-json\/wp\/v2\/types\/page"}],"author":[{"embeddable":true,"href":"https:\/\/www.drlawyer.com\/deutsch\/wp-json\/wp\/v2\/users\/2"}],"replies":[{"embeddable":true,"href":"https:\/\/www.drlawyer.com\/deutsch\/wp-json\/wp\/v2\/comments?post=4697"}],"version-history":[{"count":56,"href":"https:\/\/www.drlawyer.com\/deutsch\/wp-json\/wp\/v2\/pages\/4697\/revisions"}],"predecessor-version":[{"id":12184,"href":"https:\/\/www.drlawyer.com\/deutsch\/wp-json\/wp\/v2\/pages\/4697\/revisions\/12184"}],"wp:attachment":[{"href":"https:\/\/www.drlawyer.com\/deutsch\/wp-json\/wp\/v2\/media?parent=4697"}],"curies":[{"name":"wp","href":"https:\/\/api.w.org\/{rel}","templated":true}]}}