{"id":3927,"date":"2014-10-28T20:19:22","date_gmt":"2014-10-28T20:19:22","guid":{"rendered":"https:\/\/www.drlawyer.com\/deutsch\/prueba\/?page_id=3927"},"modified":"2024-09-04T20:01:33","modified_gmt":"2024-09-04T20:01:33","slug":"die-kanzlei","status":"publish","type":"page","link":"https:\/\/www.drlawyer.com\/deutsch\/die-kanzlei\/","title":{"rendered":"Die Kanzlei"},"content":{"rendered":"<p>Bei Guzm\u00e1n Ariza verbinden wir Erfahrung mit Innovation. Wir wurden 1927 gegr\u00fcndet, lange vor der gro\u00dfen Mehrheit der anderen dominikanischen Anwaltskanzleien, und sind seitdem an der Spitze der Rechtspraxis in der Dominikanischen Republik geblieben.<\/p>\n<p>Heute sind wir die erste und einzige Anwaltskanzlei in der Dominikanischen Republik mit nationaler Reichweite, mit 10 B\u00fcros, die strategisch in den wichtigsten Gesch\u00e4fts- und Tourismuszentren der Dominikanischen Republik liegen: Santo Domingo, B\u00e1varo-Punta Cana, La Romana, Casa de Campo, Sos\u00faa-Puerto Plata, Las Terrenas, Saman\u00e1, Cabrera, Cap Cana und Las Galeras.<\/p>\n<p>Wir sind die einzige Anwaltskanzlei in der Dominikanischen Republik, die in der Lage ist, ihre Mandanten schnell und effektiv im ganzen Land zu betreuen. Unsere Anw\u00e4lte arbeiten regelm\u00e4\u00dfig mit den \u00f6rtlichen Beh\u00f6rden und Gerichten in jeder Stadt oder Region zusammen und wissen, welche M\u00f6glichkeiten und Schwierigkeiten zu beachten sind, um unseren Mandanten bei der erfolgreichen Gr\u00fcndung ihres Unternehmens oder der L\u00f6sung ihres Problems zu helfen.<\/p>\n<p>Mit mehr als f\u00fcnfzig Fachleuten in der Kanzlei, von denen die meisten mehrsprachig sind und sich auf die verschiedensten Rechts- und Wirtschaftsbereiche spezialisiert haben, ist Guzm\u00e1n Ariza auch die internationalste Kanzlei in der Dominikanischen Republik &#8211; wir k\u00f6nnen mit unseren Mandanten in acht Sprachen kommunizieren: Spanisch, Englisch, Italienisch, Russisch, Franz\u00f6sisch, Deutsch, Niederl\u00e4ndisch und Haitianisch-Kreolisch &#8211; und diejenige mit dem gr\u00f6\u00dften T\u00e4tigkeitsbereich.<\/p>\n<p>Auf internationaler Ebene sind wir Mitglied wichtiger globaler Kanzleinetzwerke &#8211; SCG Legal, GGI Geneva Group International, Legal Cross Border, Nextlaw Referral Network -, was es uns erm\u00f6glicht, auf die Unterst\u00fctzung verb\u00fcndeter Kanzleien auf der ganzen Welt zur\u00fcckzugreifen und so unsere Mandanten bei ihren internationalen Gesch\u00e4ften effektiv zu unterst\u00fctzen.<\/p>\n<p>Guzm\u00e1n Ariza kann auf eine fast hundertj\u00e4hrige Geschichte zur\u00fcckblicken und verf\u00fcgt \u00fcber ein professionelles Team von hochspezialisierten und qualifizierten Anw\u00e4lten sowie \u00fcber ein ausgedehntes Netz von Niederlassungen auf der ganzen Welt, die unseren Kunden zur Verf\u00fcgung stehen.<\/p>\n","protected":false},"excerpt":{"rendered":"<p>Bei Guzm\u00e1n Ariza verbinden wir Erfahrung mit Innovation. Wir wurden 1927 gegr\u00fcndet, lange vor der gro\u00dfen Mehrheit der anderen dominikanischen Anwaltskanzleien, und sind seitdem an&hellip;<\/p>\n","protected":false},"author":2,"featured_media":0,"parent":0,"menu_order":0,"comment_status":"open","ping_status":"open","template":"","meta":[],"yoast_head":"<!-- This site is optimized with the Yoast SEO plugin v17.0 - https:\/\/yoast.com\/wordpress\/plugins\/seo\/ -->\n<title>Guzm\u00e1n Ariza | The Dominican Republic law firm<\/title>\n<meta name=\"robots\" content=\"noindex, follow\" \/>\n<meta property=\"og:locale\" content=\"en_US\" \/>\n<meta property=\"og:type\" content=\"article\" \/>\n<meta property=\"og:title\" content=\"Guzm\u00e1n Ariza | The Dominican Republic law firm\" \/>\n<meta property=\"og:description\" content=\"Bei Guzm\u00e1n Ariza verbinden wir Erfahrung mit Innovation. Wir wurden 1927 gegr\u00fcndet, lange vor der gro\u00dfen Mehrheit der anderen dominikanischen Anwaltskanzleien, und sind seitdem an&hellip;\" \/>\n<meta property=\"og:url\" content=\"https:\/\/www.drlawyer.com\/deutsch\/die-kanzlei\/\" \/>\n<meta property=\"og:site_name\" content=\"Guzm\u00e1n Ariza | The Dominican Republic law firm\" \/>\n<meta property=\"article:modified_time\" content=\"2024-09-04T20:01:33+00:00\" \/>\n<meta name=\"twitter:label1\" content=\"Est. reading time\" \/>\n\t<meta name=\"twitter:data1\" content=\"2 minutes\" \/>\n<script type=\"application\/ld+json\" class=\"yoast-schema-graph\">{\"@context\":\"https:\/\/schema.org\",\"@graph\":[{\"@type\":\"WebSite\",\"@id\":\"https:\/\/www.drlawyer.com\/deutsch\/#website\",\"url\":\"https:\/\/www.drlawyer.com\/deutsch\/\",\"name\":\"Guzm\\u00e1n Ariza | The Dominican Republic law firm\",\"description\":\"\",\"potentialAction\":[{\"@type\":\"SearchAction\",\"target\":{\"@type\":\"EntryPoint\",\"urlTemplate\":\"https:\/\/www.drlawyer.com\/deutsch\/?s={search_term_string}\"},\"query-input\":\"required name=search_term_string\"}],\"inLanguage\":\"en-US\"},{\"@type\":\"WebPage\",\"@id\":\"https:\/\/www.drlawyer.com\/deutsch\/die-kanzlei\/#webpage\",\"url\":\"https:\/\/www.drlawyer.com\/deutsch\/die-kanzlei\/\",\"name\":\"Guzm\\u00e1n Ariza | The Dominican Republic law firm\",\"isPartOf\":{\"@id\":\"https:\/\/www.drlawyer.com\/deutsch\/#website\"},\"datePublished\":\"2014-10-28T20:19:22+00:00\",\"dateModified\":\"2024-09-04T20:01:33+00:00\",\"breadcrumb\":{\"@id\":\"https:\/\/www.drlawyer.com\/deutsch\/die-kanzlei\/#breadcrumb\"},\"inLanguage\":\"en-US\",\"potentialAction\":[{\"@type\":\"ReadAction\",\"target\":[\"https:\/\/www.drlawyer.com\/deutsch\/die-kanzlei\/\"]}]},{\"@type\":\"BreadcrumbList\",\"@id\":\"https:\/\/www.drlawyer.com\/deutsch\/die-kanzlei\/#breadcrumb\",\"itemListElement\":[{\"@type\":\"ListItem\",\"position\":1,\"name\":\"Home\",\"item\":\"https:\/\/www.drlawyer.com\/deutsch\/\"},{\"@type\":\"ListItem\",\"position\":2,\"name\":\"Die Kanzlei\"}]}]}<\/script>\n<!-- \/ Yoast SEO plugin. -->","yoast_head_json":{"title":"Guzm\u00e1n Ariza | The Dominican Republic law firm","robots":{"index":"noindex","follow":"follow"},"og_locale":"en_US","og_type":"article","og_title":"Guzm\u00e1n Ariza | The Dominican Republic law firm","og_description":"Bei Guzm\u00e1n Ariza verbinden wir Erfahrung mit Innovation. Wir wurden 1927 gegr\u00fcndet, lange vor der gro\u00dfen Mehrheit der anderen dominikanischen Anwaltskanzleien, und sind seitdem an&hellip;","og_url":"https:\/\/www.drlawyer.com\/deutsch\/die-kanzlei\/","og_site_name":"Guzm\u00e1n Ariza | The Dominican Republic law firm","article_modified_time":"2024-09-04T20:01:33+00:00","twitter_misc":{"Est. reading time":"2 minutes"},"schema":{"@context":"https:\/\/schema.org","@graph":[{"@type":"WebSite","@id":"https:\/\/www.drlawyer.com\/deutsch\/#website","url":"https:\/\/www.drlawyer.com\/deutsch\/","name":"Guzm\u00e1n Ariza | The Dominican Republic law firm","description":"","potentialAction":[{"@type":"SearchAction","target":{"@type":"EntryPoint","urlTemplate":"https:\/\/www.drlawyer.com\/deutsch\/?s={search_term_string}"},"query-input":"required name=search_term_string"}],"inLanguage":"en-US"},{"@type":"WebPage","@id":"https:\/\/www.drlawyer.com\/deutsch\/die-kanzlei\/#webpage","url":"https:\/\/www.drlawyer.com\/deutsch\/die-kanzlei\/","name":"Guzm\u00e1n Ariza | The Dominican Republic law firm","isPartOf":{"@id":"https:\/\/www.drlawyer.com\/deutsch\/#website"},"datePublished":"2014-10-28T20:19:22+00:00","dateModified":"2024-09-04T20:01:33+00:00","breadcrumb":{"@id":"https:\/\/www.drlawyer.com\/deutsch\/die-kanzlei\/#breadcrumb"},"inLanguage":"en-US","potentialAction":[{"@type":"ReadAction","target":["https:\/\/www.drlawyer.com\/deutsch\/die-kanzlei\/"]}]},{"@type":"BreadcrumbList","@id":"https:\/\/www.drlawyer.com\/deutsch\/die-kanzlei\/#breadcrumb","itemListElement":[{"@type":"ListItem","position":1,"name":"Home","item":"https:\/\/www.drlawyer.com\/deutsch\/"},{"@type":"ListItem","position":2,"name":"Die Kanzlei"}]}]}},"_links":{"self":[{"href":"https:\/\/www.drlawyer.com\/deutsch\/wp-json\/wp\/v2\/pages\/3927"}],"collection":[{"href":"https:\/\/www.drlawyer.com\/deutsch\/wp-json\/wp\/v2\/pages"}],"about":[{"href":"https:\/\/www.drlawyer.com\/deutsch\/wp-json\/wp\/v2\/types\/page"}],"author":[{"embeddable":true,"href":"https:\/\/www.drlawyer.com\/deutsch\/wp-json\/wp\/v2\/users\/2"}],"replies":[{"embeddable":true,"href":"https:\/\/www.drlawyer.com\/deutsch\/wp-json\/wp\/v2\/comments?post=3927"}],"version-history":[{"count":60,"href":"https:\/\/www.drlawyer.com\/deutsch\/wp-json\/wp\/v2\/pages\/3927\/revisions"}],"predecessor-version":[{"id":12167,"href":"https:\/\/www.drlawyer.com\/deutsch\/wp-json\/wp\/v2\/pages\/3927\/revisions\/12167"}],"wp:attachment":[{"href":"https:\/\/www.drlawyer.com\/deutsch\/wp-json\/wp\/v2\/media?parent=3927"}],"curies":[{"name":"wp","href":"https:\/\/api.w.org\/{rel}","templated":true}]}}